{"id":578,"date":"2025-01-01T16:37:57","date_gmt":"2025-01-01T15:37:57","guid":{"rendered":"https:\/\/oposicionesdeingles.es\/?page_id=578"},"modified":"2025-01-09T14:14:26","modified_gmt":"2025-01-09T13:14:26","slug":"testimonios","status":"publish","type":"page","link":"https:\/\/oposicionesdeingles.es\/?page_id=578","title":{"rendered":"Testimonios"},"content":{"rendered":"\n<p><em>\u00a1Juanra ha sido un verdadero salvavidas en mi preparaci\u00f3n! Venir de otra especialidad hac\u00eda que afrontar la oposici\u00f3n por ingl\u00e9s pareciera un reto enorme, pero su metodolog\u00eda y su apoyo constante hicieron que el proceso fuera mucho m\u00e1s accesible. Los temas est\u00e1n muy bien estructurados, son originales y est\u00e1n completamente actualizados.<\/em><\/p>\n\n\n\n<p><em>Adem\u00e1s, la preparaci\u00f3n de los casos pr\u00e1cticos es otro de sus puntos fuertes,; ofrece propuestas originales y herramientas \u00fatiles para enfrentarte a cualquier escenario que pueda surgir.<\/em><\/p>\n\n\n\n<p><em>Pero lo que realmente lo diferencia es su atenci\u00f3n personalizada. Juanra adapta cada sesi\u00f3n a tus necesidades espec\u00edficas, brindando un seguimiento constante y correcciones detalladas. Siempre est\u00e1 dispuesto a resolver dudas, motivarte y darte los mejores consejos para afrontar el proceso con confianza y seguridad.&nbsp;<\/em><\/p>\n\n\n\n<p class=\"has-text-align-center\"><strong>Elvira Hern\u00e1ndez Arnao<\/strong><\/p>\n\n\n<div class=\"wp-block-image\">\n<figure class=\"aligncenter size-full\"><img loading=\"lazy\" decoding=\"async\" width=\"219\" height=\"61\" src=\"https:\/\/oposicionesdeingles.es\/wp-content\/uploads\/2025\/01\/5-estrellas-2.png\" alt=\"\" class=\"wp-image-585\"\/><\/figure><\/div>\n\n\n<p><\/p>\n\n\n\n<p><em>Conoc\u00ed a Juanra en pleno proceso de oposici\u00f3n, de hecho, coincidimos en el pasillo del instituto en el que yo esperaba para entrar a exponer. Por cosas del destino empezamos a hablar, Juanra es una persona muy cercana, simp\u00e1tica y amable y me dijo que era preparador. Yo ven\u00eda de una academia con la que no qued\u00e9 en absoluto contenta. En ese momento supe que era \u00e9l a qui\u00e9n necesitaba para prepararme. Intercambiamos tel\u00e9fonos y a los meses empezamos el proceso de preparaci\u00f3n. <\/em><\/p>\n\n\n\n<p><em>Quise empezar en enero en lugar de en septiembre -\u00e9l mismo me lo recomend\u00f3 y acept\u00e9-, la verdad, fue una buen\u00edsima decisi\u00f3n tener a\u00f1o y medio para ir a tope. Sus clases son muy din\u00e1micas, est\u00e1n perfectamente estructuradas y organizadas al detalle, sabes en todo momento lo que se va a hacer y c\u00f3mo se enfoncar\u00e1n las semanas venideras. En cada sesi\u00f3n hay cabida para las distintas pruebas del proceso de la oposici\u00f3n, aspecto que hace que no te olvides de ninguna de ellas. <\/em> <\/p>\n\n\n\n<p><em>Si tuviera que definir c\u00f3mo es Juanra a nivel de preparaci\u00f3n, sin duda, ser\u00eda EXIGENTE, pero lo es tanto con sus alumnos como con \u00e9l mismo, y esto es algo que me encant\u00f3 porque solo con exigencia se puede alcanzar el m\u00e1ximo rendimiento de alguien. <\/em><\/p>\n\n\n\n<p><em>Por otro lado, valoro tambi\u00e9n su capacidad de adaptaci\u00f3n ante los cambios: sale la convocatoria, corrigen errores, cambian aspectos de las pruebas, legislaci\u00f3n que derogan&#8230;en ning\u00fan momento te sientes perdido y est\u00e1 al d\u00eda de toda la nueva informaci\u00f3n que va surgiendo.<\/em><\/p>\n\n\n\n<p><em>Por \u00faltimo y, para m\u00ed, lo m\u00e1s importante, es su lado humano. Juanra fue un pilar tan fundamental en mi proceso de preparaci\u00f3n como lo fue mi propia familia. Siempre estuvo disponible cuando ten\u00eda dudas existenciales, cuando hab\u00eda bajones de \u00e1nimo, cuando me sent\u00eda perdida y pensaba que no lo conseguir\u00eda&#8230;siempre estuvo ah\u00ed para llamarme y ver c\u00f3mo estaba, para alegrarme incluso en sus comentarios de \u00e1nimo al corregir los simulacros y, a d\u00eda de hoy, s\u00e9 100% que parte de mi plaza se la debo a \u00e9l, as\u00ed que no podr\u00eda recomendar ning\u00fan otro lugar mejor para algo tan importante como tu futuro.<\/em> <\/p>\n\n\n\n<p class=\"has-text-align-center\"><strong>Mar\u00eda Soler Costa<\/strong> <\/p>\n\n\n<div class=\"wp-block-image\">\n<figure class=\"aligncenter size-full\"><img loading=\"lazy\" decoding=\"async\" width=\"219\" height=\"61\" src=\"https:\/\/oposicionesdeingles.es\/wp-content\/uploads\/2025\/01\/5-estrellas.png\" alt=\"\" class=\"wp-image-583\"\/><\/figure><\/div>\n\n\n<p><\/p>\n\n\n\n<p><em>Tras pasar por varias academias encontr\u00e9 a Juanra,\u00a1y qu\u00e9 suerte la m\u00eda! Gracias a peque\u00f1os matices que \u00e9l me ense\u00f1\u00f3, consegu\u00ed la plaza y le estar\u00e9 eternamente agradecida.<\/em><\/p>\n\n\n\n<p><em>Lo que me ayud\u00f3 a ganar m\u00e1s confianza de cara al examen fue su trato personalizado para resolver dudas y dar feedback en los simulacros de examen, su implicaci\u00f3n por darnos material actualizado, su toque original y detallado para elaborar las unidades did\u00e1cticas. Sin duda, Juanra en un acierto para aquellos maestros que buscan una preparaci\u00f3n de ingl\u00e9s de calidad y comprometida con sus opositores.<\/em><\/p>\n\n\n\n<p class=\"has-text-align-center\"><strong>Juana Mar\u00eda Garc\u00eda Blaya <\/strong> <\/p>\n\n\n<div class=\"wp-block-image\">\n<figure class=\"aligncenter size-full\"><img loading=\"lazy\" decoding=\"async\" width=\"219\" height=\"61\" src=\"https:\/\/oposicionesdeingles.es\/wp-content\/uploads\/2025\/01\/5-estrellas.png\" alt=\"\" class=\"wp-image-583\"\/><\/figure><\/div>\n\n\n<p><\/p>\n\n\n\n<p><em>Cuando me un\u00ed a la preparaci\u00f3n con Juanra hab\u00eda tenido otras experiencias y el cambio fue para bien. Creo en la disciplina y la seriedad en el trabajo, algo que definitivamente encontr\u00e9 con \u00e9l junto a esa presi\u00f3n que todo opositor (a mi juicio) debe sentir para rendir a un ritmo adecuado.<\/em><\/p>\n\n\n\n<p><em>El estar actualizado en las noticias que van saliendo, la programaci\u00f3n, casos pr\u00e1cticos y&nbsp; dem\u00e1s aspectos a tratar est\u00e1n organizados de forma que te permite saber muy de antemano a lo que te enfrentas. Sin duda, lo recomiendo si se busca seriedad y no f\u00f3rmulas m\u00e1gicas para la preparaci\u00f3n de una oposici\u00f3n. <\/em><\/p>\n\n\n\n<p class=\"has-text-align-center\"><strong>\u00c1lvaro Mu\u00f1oz Mar\u00edn<\/strong> <\/p>\n\n\n<div class=\"wp-block-image\">\n<figure class=\"aligncenter size-full\"><img loading=\"lazy\" decoding=\"async\" width=\"219\" height=\"61\" src=\"https:\/\/oposicionesdeingles.es\/wp-content\/uploads\/2025\/01\/5-estrellas-1.png\" alt=\"\" class=\"wp-image-584\"\/><\/figure><\/div>\n\n\n<p> <\/p>\n\n\n\n<p><em>Quiero agradecer a Juanra (mi preparador de oposiciones de 2022 y 2024) por su acompa\u00f1amiento y apoyo durante el proceso de preparaci\u00f3n, pues su competencia y actualizaci\u00f3n constante han sido claves para afrontar con confianza las diferentes partes del examen.<\/em><\/p>\n\n\n\n<p><em>El temario proporcionado es claro y estructurado, y los simulacros, generalmente de forma mensual, ayudan a mantener un buen ritmo de trabajo. Adem\u00e1s, su feedback exhaustivo y detallado en cada uno de ellos es de gran ayuda para identificar puntos de mejora y perfeccionar la preparaci\u00f3n.<\/em><\/p>\n\n\n\n<p><em>Tambi\u00e9n valoro su capacidad para motivar y ayudar en la organizaci\u00f3n del estudio, ofreciendo siempre pautas de estudio diversas y haciendo un seguimiento individualizado de sus alumnos v\u00eda telef\u00f3nica, presencial o mediante correo.<\/em><\/p>\n\n\n\n<p><em>Por otra parte, para la elaboraci\u00f3n de la unidad did\u00e1ctica, proporciona gu\u00edas estructuradas e ideas originales, que ayudan a crear esta parte de la oposici\u00f3n con confianza.<\/em><\/p>\n\n\n\n<p><em>En cuanto al tratamiento de la competencia ling\u00fc\u00edstica y casos pr\u00e1cticos (partes del examen de la oposici\u00f3n de 2022), me gustar\u00eda destacar la gran variedad de recursos que ofreci\u00f3 para trabajar esta competencia y los numerosos casos pr\u00e1cticos que realizamos para ponernos en situaci\u00f3n y estar al corriente de metodolog\u00edas y t\u00e9cnicas que se pueden seguir.<\/em><\/p>\n\n\n\n<p><em>Por estas razones diversas, recomiendo su preparaci\u00f3n a quienes busquen una gu\u00eda s\u00f3lida para encarar las oposiciones con un enfoque pr\u00e1ctico y organizado.<\/em> <\/p>\n\n\n\n<p class=\"has-text-align-center\"><strong> Alba De Gea S\u00e1nchez<\/strong><\/p>\n\n\n<div class=\"wp-block-image\">\n<figure class=\"aligncenter size-full\"><img loading=\"lazy\" decoding=\"async\" width=\"219\" height=\"61\" src=\"https:\/\/oposicionesdeingles.es\/wp-content\/uploads\/2025\/01\/5-estrellas-1.png\" alt=\"\" class=\"wp-image-584\"\/><\/figure><\/div>\n\n\n<p><em> <\/em><\/p>\n\n\n\n<p><em>Juanra es met\u00f3dico, profesional y cercano. No deja nada al azar, es pura creatividad y sabe adaptarse a las necesidades de sus alumnos y a los cambios que a veces surgen durante los meses previos a las pruebas. Siempre tiene la palabra justa, la adecuada, cuando m\u00e1s la necesitas. Durante una oposici\u00f3n, hay d\u00edas duros, momentos de duda y de baj\u00f3n, en esos momentos, es importante tener a alguien como Juanra a tu lado, un gu\u00eda que se implica al m\u00e1ximo y sabe extraer todo tu potencial sin importar las dificultades.<\/em><\/p>\n\n\n\n<p><em>Desde el primer d\u00eda te transmite una sensaci\u00f3n de calidez y apoyo con grandes dosis de exigencia. Sabe marcar la diferencia cuidando cada detalle y busca siempre diferenciar a sus alumnos del resto de opositores con su sistema de simulacros, ideas innovadoras para las unidades did\u00e1cticas y sus temas actualizados. Su feedback es siempre personalizado y en clase no solo transmite la teor\u00eda de las metodolog\u00edas y recursos, sino tambi\u00e9n su experiencia real aplicada en el aula con sus alumnos en el d\u00eda a d\u00eda. Siempre tiene una idea original para cada actividad y como \u00e9l dice, antes que nada, es maestro de ingl\u00e9s hasta la m\u00e9dula. Tiene un plan, simplemente, s\u00edguelo y llegar\u00e1s con las mejores garant\u00edas al d\u00eda de tu oposici\u00f3n. Yo lo hice en mi primera preparaci\u00f3n con \u00e9l y tengo mi plaza desde 2019.<\/em> <\/p>\n\n\n\n<p><\/p>\n\n\n\n<p class=\"has-text-align-center\"><strong>Noelia Sola Bernal<\/strong><\/p>\n\n\n<div class=\"wp-block-image\">\n<figure class=\"aligncenter size-full\"><img loading=\"lazy\" decoding=\"async\" width=\"219\" height=\"61\" src=\"https:\/\/oposicionesdeingles.es\/wp-content\/uploads\/2025\/01\/5-estrellas-1.png\" alt=\"\" class=\"wp-image-584\"\/><\/figure><\/div>","protected":false},"excerpt":{"rendered":"<p>\u00a1Juanra ha sido un verdadero salvavidas en mi preparaci\u00f3n! Venir de otra especialidad hac\u00eda que afrontar la oposici\u00f3n por ingl\u00e9s pareciera un reto enorme, pero su metodolog\u00eda y su apoyo constante hicieron que el proceso fuera mucho m\u00e1s accesible. Los temas est\u00e1n muy bien estructurados, son originales y est\u00e1n completamente actualizados. Adem\u00e1s, la preparaci\u00f3n de &hellip; <\/p>\n<p class=\"link-more\"><a href=\"https:\/\/oposicionesdeingles.es\/?page_id=578\" class=\"more-link\">Continuar leyendo<span class=\"screen-reader-text\"> \u00abTestimonios\u00bb<\/span><\/a><\/p>\n","protected":false},"author":1,"featured_media":0,"parent":0,"menu_order":0,"comment_status":"closed","ping_status":"closed","template":"","meta":{"_uag_custom_page_level_css":"","_monsterinsights_skip_tracking":false,"_monsterinsights_sitenote_active":false,"_monsterinsights_sitenote_note":"","_monsterinsights_sitenote_category":0,"footnotes":""},"uagb_featured_image_src":{"full":false,"thumbnail":false,"medium":false,"medium_large":false,"large":false,"1536x1536":false,"2048x2048":false,"twentyseventeen-featured-image":false,"twentyseventeen-thumbnail-avatar":false},"uagb_author_info":{"display_name":"admin7882","author_link":"https:\/\/oposicionesdeingles.es\/?author=1"},"uagb_comment_info":0,"uagb_excerpt":"\u00a1Juanra ha sido un verdadero salvavidas en mi preparaci\u00f3n! Venir de otra especialidad hac\u00eda que afrontar la oposici\u00f3n por ingl\u00e9s pareciera un reto enorme, pero su metodolog\u00eda y su apoyo constante hicieron que el proceso fuera mucho m\u00e1s accesible. Los temas est\u00e1n muy bien estructurados, son originales y est\u00e1n completamente actualizados. Adem\u00e1s, la preparaci\u00f3n de&hellip;","_links":{"self":[{"href":"https:\/\/oposicionesdeingles.es\/index.php?rest_route=\/wp\/v2\/pages\/578"}],"collection":[{"href":"https:\/\/oposicionesdeingles.es\/index.php?rest_route=\/wp\/v2\/pages"}],"about":[{"href":"https:\/\/oposicionesdeingles.es\/index.php?rest_route=\/wp\/v2\/types\/page"}],"author":[{"embeddable":true,"href":"https:\/\/oposicionesdeingles.es\/index.php?rest_route=\/wp\/v2\/users\/1"}],"replies":[{"embeddable":true,"href":"https:\/\/oposicionesdeingles.es\/index.php?rest_route=%2Fwp%2Fv2%2Fcomments&post=578"}],"version-history":[{"count":12,"href":"https:\/\/oposicionesdeingles.es\/index.php?rest_route=\/wp\/v2\/pages\/578\/revisions"}],"predecessor-version":[{"id":612,"href":"https:\/\/oposicionesdeingles.es\/index.php?rest_route=\/wp\/v2\/pages\/578\/revisions\/612"}],"wp:attachment":[{"href":"https:\/\/oposicionesdeingles.es\/index.php?rest_route=%2Fwp%2Fv2%2Fmedia&parent=578"}],"curies":[{"name":"wp","href":"https:\/\/api.w.org\/{rel}","templated":true}]}}