{"id":38,"date":"2018-01-03T01:23:54","date_gmt":"2018-01-03T00:23:54","guid":{"rendered":"http:\/\/oposicionesdeingles.es\/?page_id=38"},"modified":"2026-04-12T16:48:03","modified_gmt":"2026-04-12T14:48:03","slug":"contacto","status":"publish","type":"page","link":"https:\/\/oposicionesdeingles.es\/?page_id=38","title":{"rendered":"INSCRIPCI\u00d3N Y CONTACTO- Preinscrici\u00f3n objetivo 2027- 2028"},"content":{"rendered":"<h2 data-start=\"362\" data-end=\"449\"><strong data-start=\"368\" data-end=\"449\"><span class=\"_fadeIn_m1hgl_8\">Proceso <\/span><span class=\"_fadeIn_m1hgl_8\">de <\/span><span class=\"_fadeIn_m1hgl_8\">Preinscripci\u00f3n <\/span><span class=\"_fadeIn_m1hgl_8\">en <\/span><span class=\"_fadeIn_m1hgl_8\">la <\/span><span class=\"_fadeIn_m1hgl_8\">Formaci\u00f3n Presencial y Online <\/span><span class=\"_fadeIn_m1hgl_8\">para <\/span><span class=\"_fadeIn_m1hgl_8\">Oposiciones <\/span><span class=\"_fadeIn_m1hgl_8\">de <\/span><span class=\"_fadeIn_m1hgl_8\">Ingl\u00e9s <\/span><span class=\"_fadeIn_m1hgl_8\">para <\/span><span class=\"_fadeIn_m1hgl_8\">Maestros 2027: CONVOCATORIA JUNIO 2028<\/span><\/strong><\/h2>\n<p data-start=\"451\" data-end=\"739\"><span class=\"_fadeIn_m1hgl_8\">Antes <\/span><span class=\"_fadeIn_m1hgl_8\">de <\/span><span class=\"_fadeIn_m1hgl_8\">completar <\/span><span class=\"_fadeIn_m1hgl_8\">el <\/span><span class=\"_fadeIn_m1hgl_8\">formulario <\/span><span class=\"_fadeIn_m1hgl_8\">de pre<\/span><span class=\"_fadeIn_m1hgl_8\">inscripci\u00f3n, <\/span><span class=\"_fadeIn_m1hgl_8\">es <\/span><span class=\"_fadeIn_m1hgl_8\">imprescindible <\/span><span class=\"_fadeIn_m1hgl_8\">contactar <\/span><span class=\"_fadeIn_m1hgl_8\">previamente <\/span><span class=\"_fadeIn_m1hgl_8\">conmigo <\/span><span class=\"_fadeIn_m1hgl_8\">para <\/span><span class=\"_fadeIn_m1hgl_8\">confirmar <\/span><span class=\"_fadeIn_m1hgl_8\">la <\/span><span class=\"_fadeIn_m1hgl_8\">disponibilidad <\/span><span class=\"_fadeIn_m1hgl_8\">de <\/span><span class=\"_fadeIn_m1hgl_8\">plazas. <\/span><span class=\"_fadeIn_m1hgl_8\">Puedes <\/span><span class=\"_fadeIn_m1hgl_8\">hacerlo <\/span><span class=\"_fadeIn_m1hgl_8\">a <\/span><span class=\"_fadeIn_m1hgl_8\">trav\u00e9s <\/span><span class=\"_fadeIn_m1hgl_8\">del <\/span><span class=\"_fadeIn_m1hgl_8\">correo <\/span><span class=\"_fadeIn_m1hgl_8\">electr\u00f3nico oposicionesdeinglesmurcia@gmail.com<\/span>\u00a0<span class=\"_fadeIn_m1hgl_8\">\u00a0<\/span><\/p>\n<p data-start=\"451\" data-end=\"739\">No te preocupes si eres originario de otra comunidad colindante como Andaluc\u00eda, Comunidad Valenciana o Castilla-La Mancha. Adaptamos la experiencia formativa para que puedas opositar con garant\u00edas en la Regi\u00f3n de Murcia. Cuento con casos de \u00e9xito previos y la adaptaci\u00f3n y preparaci\u00f3n online se llevan a cabo con un excelente nivel de calidad.<\/p>\n<h3 data-start=\"741\" data-end=\"778\"><span class=\"_fadeIn_m1hgl_8\">\u2705 <\/span><span class=\"_fadeIn_m1hgl_8\">Paso <\/span><span class=\"_fadeIn_m1hgl_8\">1: <\/span><span class=\"_fadeIn_m1hgl_8\">Confirmaci\u00f3n <\/span><span class=\"_fadeIn_m1hgl_8\">de <\/span><span class=\"_fadeIn_m1hgl_8\">Plaza<\/span><\/h3>\n<p data-start=\"779\" data-end=\"907\"><span class=\"_fadeIn_m1hgl_8\">Una <\/span><span class=\"_fadeIn_m1hgl_8\">vez <\/span><span class=\"_fadeIn_m1hgl_8\">hayas <\/span><span class=\"_fadeIn_m1hgl_8\">verificado <\/span><span class=\"_fadeIn_m1hgl_8\">que <\/span><span class=\"_fadeIn_m1hgl_8\">hay <\/span><strong data-start=\"812\" data-end=\"863\"><span class=\"_fadeIn_m1hgl_8\">plazas <\/span><span class=\"_fadeIn_m1hgl_8\">disponibles <\/span><span class=\"_fadeIn_m1hgl_8\">en <\/span><span class=\"_fadeIn_m1hgl_8\">tu <\/span><span class=\"_fadeIn_m1hgl_8\">modalidad <\/span><span class=\"_fadeIn_m1hgl_8\">de <\/span><span class=\"_fadeIn_m1hgl_8\">formaci\u00f3n y hayamos tenido una peque\u00f1a entrevista que me permita conocer tu perfil opositor para personalizar al m\u00e1ximo tu experiencia formativa<\/span><\/strong><span class=\"_fadeIn_m1hgl_8\">, <\/span><span class=\"_fadeIn_m1hgl_8\">podr\u00e1s <\/span><span class=\"_fadeIn_m1hgl_8\">proceder <\/span><span class=\"_fadeIn_m1hgl_8\">a <\/span><span class=\"_fadeIn_m1hgl_8\">formalizar <\/span><span class=\"_fadeIn_m1hgl_8\">tu <\/span><span class=\"_fadeIn_m1hgl_8\">matr\u00edcula.<\/span><\/p>\n<p data-start=\"779\" data-end=\"907\">\n<h3 data-start=\"909\" data-end=\"946\"><span class=\"_fadeIn_m1hgl_8\">Paso <\/span><span class=\"_fadeIn_m1hgl_8\">2.1.: Preinscripci\u00f3n\u00a0<\/span><\/h3>\n<p>Ap\u00fantate de forma gratuita en la lista prioritaria. Mediante la realizaci\u00f3n del formulario, podr\u00e1s tener acceso prioritario para la posterior matriculaci\u00f3n. Recibir\u00e1s informaci\u00f3n sobre el proceso selectivo y la preparaci\u00f3n de las diferentes pruebas que conforman la oposici\u00f3n para maestros de ingl\u00e9s en la Regi\u00f3n de Murcia.<\/p>\n<h3 data-start=\"909\" data-end=\"946\"><span class=\"_fadeIn_m1hgl_8\">\ud83d\udcb3 <\/span><span class=\"_fadeIn_m1hgl_8\">Paso <\/span><span class=\"_fadeIn_m1hgl_8\">2.2.: <\/span><span class=\"_fadeIn_m1hgl_8\">Reserva <\/span><span class=\"_fadeIn_m1hgl_8\">de <\/span><span class=\"_fadeIn_m1hgl_8\">Matr\u00edcula<\/span><\/h3>\n<p>Si te has apuntado previamente en la lista de preinscritos, tendr\u00e1s preferencia para efectuar tu matr\u00edcula cuando el plazo est\u00e9 abierto de forma oficial. Como todos los a\u00f1os de preparaci\u00f3n, las plazas son muy limitadas.<\/p>\n<p data-start=\"947\" data-end=\"1116\"><span class=\"_fadeIn_m1hgl_8\">Para <\/span><span class=\"_fadeIn_m1hgl_8\">completar <\/span><span class=\"_fadeIn_m1hgl_8\">el <\/span><span class=\"_fadeIn_m1hgl_8\">proceso, <\/span><span class=\"_fadeIn_m1hgl_8\">deber\u00e1s <\/span><span class=\"_fadeIn_m1hgl_8\">realizar <\/span><span class=\"_fadeIn_m1hgl_8\">un <\/span><strong data-start=\"994\" data-end=\"1011\"><span class=\"_fadeIn_m1hgl_8\">Bizum <\/span><span class=\"_fadeIn_m1hgl_8\">de <\/span><span class=\"_fadeIn_m1hgl_8\">50\u202f\u20ac<\/span><\/strong> <span class=\"_fadeIn_m1hgl_8\">indicando <\/span><span class=\"_fadeIn_m1hgl_8\">tu <\/span><strong data-start=\"1025\" data-end=\"1044\"><span class=\"_fadeIn_m1hgl_8\">nombre <\/span><span class=\"_fadeIn_m1hgl_8\">completo<\/span><\/strong> <span class=\"_fadeIn_m1hgl_8\">en <\/span><span class=\"_fadeIn_m1hgl_8\">el <\/span><span class=\"_fadeIn_m1hgl_8\">concepto. <\/span><span class=\"_fadeIn_m1hgl_8\">Esta <\/span><span class=\"_fadeIn_m1hgl_8\">cantidad <\/span><span class=\"_fadeIn_m1hgl_8\">corresponde <\/span><span class=\"_fadeIn_m1hgl_8\">a <\/span><span class=\"_fadeIn_m1hgl_8\">la <\/span><strong data-start=\"1092\" data-end=\"1115\"><span class=\"_fadeIn_m1hgl_8\">reserva <\/span><span class=\"_fadeIn_m1hgl_8\">de <\/span><span class=\"_fadeIn_m1hgl_8\">tu <\/span><span class=\"_fadeIn_m1hgl_8\">plaza<\/span><\/strong><span class=\"_fadeIn_m1hgl_8\">.<\/span><\/p>\n<h3 data-start=\"1118\" data-end=\"1157\"><span class=\"_fadeIn_m1hgl_8\">\ud83d\udce9 <\/span><span class=\"_fadeIn_m1hgl_8\">Paso <\/span><span class=\"_fadeIn_m1hgl_8\">3: <\/span><span class=\"_fadeIn_m1hgl_8\">Confirmaci\u00f3n <\/span><span class=\"_fadeIn_m1hgl_8\">por <\/span><span class=\"_fadeIn_m1hgl_8\">Email<\/span><\/h3>\n<p data-start=\"1158\" data-end=\"1341\"><span class=\"_fadeIn_m1hgl_8\">Cuando <\/span><span class=\"_fadeIn_m1hgl_8\">haya <\/span><span class=\"_fadeIn_m1hgl_8\">recibido <\/span><span class=\"_fadeIn_m1hgl_8\">tu <\/span><span class=\"_fadeIn_m1hgl_8\">formulario <\/span><span class=\"_fadeIn_m1hgl_8\">y <\/span><span class=\"_fadeIn_m1hgl_8\">el <\/span><span class=\"_fadeIn_m1hgl_8\">ingreso <\/span><span class=\"_fadeIn_m1hgl_8\">de <\/span><span class=\"_fadeIn_m1hgl_8\">la <\/span><span class=\"_fadeIn_m1hgl_8\">matr\u00edcula, <\/span><span class=\"_fadeIn_m1hgl_8\">te <\/span><span class=\"_fadeIn_m1hgl_8\">enviar\u00e9 <\/span><span class=\"_fadeIn_m1hgl_8\">un <\/span><strong data-start=\"1243\" data-end=\"1269\"><span class=\"_fadeIn_m1hgl_8\">correo <\/span><span class=\"_fadeIn_m1hgl_8\">de <\/span><span class=\"_fadeIn_m1hgl_8\">confirmaci\u00f3n<\/span><\/strong> con informaci\u00f3n adicional<span class=\"_fadeIn_m1hgl_8\">.<\/span><\/p>\n<hr data-start=\"1343\" data-end=\"1346\" \/>\n<h3 data-start=\"1348\" data-end=\"1394\"><span class=\"_fadeIn_m1hgl_8\">\u2139\ufe0f <\/span><strong data-start=\"1355\" data-end=\"1394\"><span class=\"_fadeIn_m1hgl_8\">Pol\u00edtica <\/span><span class=\"_fadeIn_m1hgl_8\">de <\/span><span class=\"_fadeIn_m1hgl_8\">Devoluci\u00f3n <\/span><span class=\"_fadeIn_m1hgl_8\">de <\/span><span class=\"_fadeIn_m1hgl_8\">Matr\u00edcula<\/span><\/strong><\/h3>\n<ul data-start=\"1396\" data-end=\"1715\">\n<li data-start=\"1396\" data-end=\"1513\">\n<p data-start=\"1398\" data-end=\"1513\"><span class=\"_fadeIn_m1hgl_8\">El <\/span><span class=\"_fadeIn_m1hgl_8\">importe <\/span><span class=\"_fadeIn_m1hgl_8\">de <\/span><span class=\"_fadeIn_m1hgl_8\">la <\/span><span class=\"_fadeIn_m1hgl_8\">matr\u00edcula <\/span><strong data-start=\"1425\" data-end=\"1446\"><span class=\"_fadeIn_m1hgl_8\">solo <\/span><span class=\"_fadeIn_m1hgl_8\">se <\/span><span class=\"_fadeIn_m1hgl_8\">reembolsa<\/span><\/strong> <span class=\"_fadeIn_m1hgl_8\">si <\/span><span class=\"_fadeIn_m1hgl_8\">el <\/span><span class=\"_fadeIn_m1hgl_8\">curso <\/span><strong data-start=\"1459\" data-end=\"1484\"><span class=\"_fadeIn_m1hgl_8\">no <\/span><span class=\"_fadeIn_m1hgl_8\">llegara <\/span><span class=\"_fadeIn_m1hgl_8\">a <\/span><span class=\"_fadeIn_m1hgl_8\">comenzar<\/span><\/strong> <span class=\"_fadeIn_m1hgl_8\">por <\/span><span class=\"_fadeIn_m1hgl_8\">causas <\/span><span class=\"_fadeIn_m1hgl_8\">ajenas <\/span><span class=\"_fadeIn_m1hgl_8\">al <\/span><span class=\"_fadeIn_m1hgl_8\">alumno\/a.<\/span><\/p>\n<\/li>\n<li data-start=\"1514\" data-end=\"1715\">\n<p data-start=\"1516\" data-end=\"1715\"><span class=\"_fadeIn_m1hgl_8\">En <\/span><span class=\"_fadeIn_m1hgl_8\">caso <\/span><span class=\"_fadeIn_m1hgl_8\">de <\/span><strong data-start=\"1527\" data-end=\"1550\"><span class=\"_fadeIn_m1hgl_8\">abandono <\/span><span class=\"_fadeIn_m1hgl_8\">voluntario<\/span><\/strong> <span class=\"_fadeIn_m1hgl_8\">o <\/span><span class=\"_fadeIn_m1hgl_8\">de <\/span><strong data-start=\"1556\" data-end=\"1598\"><span class=\"_fadeIn_m1hgl_8\">expulsi\u00f3n <\/span><span class=\"_fadeIn_m1hgl_8\">por <\/span><span class=\"_fadeIn_m1hgl_8\">incumplimiento <\/span><span class=\"_fadeIn_m1hgl_8\">de <\/span><span class=\"_fadeIn_m1hgl_8\">normas<\/span><\/strong><span class=\"_fadeIn_m1hgl_8\"> (<\/span><span class=\"_fadeIn_m1hgl_8\">comportamiento inadecuado<\/span><span class=\"_fadeIn_m1hgl_8\">, incumplimiento del ritmo de trabajo o de entrega de tareas, <\/span><span class=\"_fadeIn_m1hgl_8\">etc.), <\/span><strong data-start=\"1642\" data-end=\"1672\"><span class=\"_fadeIn_m1hgl_8\">no <\/span><span class=\"_fadeIn_m1hgl_8\">se <\/span><span class=\"_fadeIn_m1hgl_8\">realizar\u00e1 <\/span><span class=\"_fadeIn_m1hgl_8\">devoluci\u00f3n<\/span><\/strong> <span class=\"_fadeIn_m1hgl_8\">de <\/span><span class=\"_fadeIn_m1hgl_8\">la <\/span><span class=\"_fadeIn_m1hgl_8\">matr\u00edcula <\/span><span class=\"_fadeIn_m1hgl_8\">ni <\/span><span class=\"_fadeIn_m1hgl_8\">de <\/span><span class=\"_fadeIn_m1hgl_8\">las <\/span><span class=\"_fadeIn_m1hgl_8\">cuotas <\/span><span class=\"_fadeIn_m1hgl_8\">abonadas.<\/span><\/p>\n<\/li>\n<\/ul>\n<p>Si est\u00e1s interesado en prepararte las oposiciones de Murcia que tendr\u00e1n lugar, previsiblemente, en 2028 por la especialidad de Lengua Extranjera Ingl\u00e9s, no dudes en contactar conmigo y preguntar cualquier cosa que necesites.\u00a0 Podr\u00e1s hacerlo mediante correo electr\u00f3nico,\u00a0 o bien a trav\u00e9s de mi formulario personal. No te esperes demasiado, como en a\u00f1os anteriores, mi cupo de alumnos es muy limitado y <strong>\u00a1las plazas vuelan!<\/strong><\/p>\n<p>Email: oposicionesdeinglesmurcia@gmail.com<\/p>\n<div role=\"form\" class=\"wpcf7\" id=\"wpcf7-f132-o1\" lang=\"es-ES\" dir=\"ltr\">\n<div class=\"screen-reader-response\"><\/div>\n<form action=\"\/index.php?rest_route=%2Fwp%2Fv2%2Fpages%2F38#wpcf7-f132-o1\" method=\"post\" class=\"wpcf7-form\" novalidate=\"novalidate\">\n<div style=\"display: none;\">\n<input type=\"hidden\" name=\"_wpcf7\" value=\"132\" \/>\n<input type=\"hidden\" name=\"_wpcf7_version\" value=\"5.0.1\" \/>\n<input type=\"hidden\" name=\"_wpcf7_locale\" value=\"es_ES\" \/>\n<input type=\"hidden\" name=\"_wpcf7_unit_tag\" value=\"wpcf7-f132-o1\" \/>\n<input type=\"hidden\" name=\"_wpcf7_container_post\" value=\"0\" \/>\n<\/div>\n<p><label> Nombre (requerido)<br \/>\n    <span class=\"wpcf7-form-control-wrap your-name\"><input type=\"text\" name=\"your-name\" value=\"\" size=\"40\" class=\"wpcf7-form-control wpcf7-text wpcf7-validates-as-required\" aria-required=\"true\" aria-invalid=\"false\" \/><\/span> <\/label><\/p>\n<p><label> Tu correo electr\u00f3nico (requerido)<br \/>\n    <span class=\"wpcf7-form-control-wrap your-email\"><input type=\"email\" name=\"your-email\" value=\"\" size=\"40\" class=\"wpcf7-form-control wpcf7-text wpcf7-email wpcf7-validates-as-required wpcf7-validates-as-email\" aria-required=\"true\" aria-invalid=\"false\" \/><\/span> <\/label><\/p>\n<p><label> Asunto<br \/>\n    <span class=\"wpcf7-form-control-wrap your-subject\"><input type=\"text\" name=\"your-subject\" value=\"\" size=\"40\" class=\"wpcf7-form-control wpcf7-text\" aria-invalid=\"false\" \/><\/span> <\/label><\/p>\n<p><label> Mensaje<br \/>\n    <span class=\"wpcf7-form-control-wrap your-message\"><textarea name=\"your-message\" cols=\"40\" rows=\"10\" class=\"wpcf7-form-control wpcf7-textarea\" aria-invalid=\"false\"><\/textarea><\/span>  <\/p>\n<p><span class=\"wpcf7-form-control-wrap tel-249\"><input type=\"tel\" name=\"tel-249\" value=\"\" size=\"40\" class=\"wpcf7-form-control wpcf7-text wpcf7-tel wpcf7-validates-as-tel\" aria-invalid=\"false\" \/><\/span> Tel\u00e9fono<\/p>\n<p><input type=\"submit\" value=\"Enviar\" class=\"wpcf7-form-control wpcf7-submit\" \/><\/p>\n<div class=\"wpcf7-response-output wpcf7-display-none\"><\/div><\/form><\/div>\n","protected":false},"excerpt":{"rendered":"<p>Proceso de Preinscripci\u00f3n en la Formaci\u00f3n Presencial y Online para Oposiciones de Ingl\u00e9s para Maestros 2027: CONVOCATORIA JUNIO 2028 Antes de completar el formulario de preinscripci\u00f3n, es imprescindible contactar previamente conmigo para confirmar la disponibilidad de plazas. Puedes hacerlo a trav\u00e9s del correo electr\u00f3nico oposicionesdeinglesmurcia@gmail.com\u00a0\u00a0 No te preocupes si eres originario de otra comunidad colindante &hellip; <\/p>\n<p class=\"link-more\"><a href=\"https:\/\/oposicionesdeingles.es\/?page_id=38\" class=\"more-link\">Continuar leyendo<span class=\"screen-reader-text\"> \u00abINSCRIPCI\u00d3N Y CONTACTO- Preinscrici\u00f3n objetivo 2027- 2028\u00bb<\/span><\/a><\/p>\n","protected":false},"author":1,"featured_media":116,"parent":0,"menu_order":0,"comment_status":"closed","ping_status":"closed","template":"","meta":{"_uag_custom_page_level_css":"","_monsterinsights_skip_tracking":false,"_monsterinsights_sitenote_active":false,"_monsterinsights_sitenote_note":"","_monsterinsights_sitenote_category":0,"footnotes":""},"uagb_featured_image_src":{"full":["https:\/\/oposicionesdeingles.es\/wp-content\/uploads\/2018\/01\/contacto-oposiciones-ingl\u00e9s.jpg",1801,461,false],"thumbnail":["https:\/\/oposicionesdeingles.es\/wp-content\/uploads\/2018\/01\/contacto-oposiciones-ingl\u00e9s-150x150.jpg",150,150,true],"medium":["https:\/\/oposicionesdeingles.es\/wp-content\/uploads\/2018\/01\/contacto-oposiciones-ingl\u00e9s-300x77.jpg",300,77,true],"medium_large":["https:\/\/oposicionesdeingles.es\/wp-content\/uploads\/2018\/01\/contacto-oposiciones-ingl\u00e9s-768x197.jpg",525,135,true],"large":["https:\/\/oposicionesdeingles.es\/wp-content\/uploads\/2018\/01\/contacto-oposiciones-ingl\u00e9s-1024x262.jpg",525,134,true],"1536x1536":["https:\/\/oposicionesdeingles.es\/wp-content\/uploads\/2018\/01\/contacto-oposiciones-ingl\u00e9s.jpg",1536,393,false],"2048x2048":["https:\/\/oposicionesdeingles.es\/wp-content\/uploads\/2018\/01\/contacto-oposiciones-ingl\u00e9s.jpg",1801,461,false],"twentyseventeen-featured-image":["https:\/\/oposicionesdeingles.es\/wp-content\/uploads\/2018\/01\/contacto-oposiciones-ingl\u00e9s.jpg",1801,461,false],"twentyseventeen-thumbnail-avatar":["https:\/\/oposicionesdeingles.es\/wp-content\/uploads\/2018\/01\/contacto-oposiciones-ingl\u00e9s-100x100.jpg",100,100,true]},"uagb_author_info":{"display_name":"admin7882","author_link":"https:\/\/oposicionesdeingles.es\/?author=1"},"uagb_comment_info":0,"uagb_excerpt":"Proceso de Preinscripci\u00f3n en la Formaci\u00f3n Presencial y Online para Oposiciones de Ingl\u00e9s para Maestros 2027: CONVOCATORIA JUNIO 2028 Antes de completar el formulario de preinscripci\u00f3n, es imprescindible contactar previamente conmigo para confirmar la disponibilidad de plazas. Puedes hacerlo a trav\u00e9s del correo electr\u00f3nico oposicionesdeinglesmurcia@gmail.com\u00a0\u00a0 No te preocupes si eres originario de otra comunidad colindante&hellip;","_links":{"self":[{"href":"https:\/\/oposicionesdeingles.es\/index.php?rest_route=\/wp\/v2\/pages\/38"}],"collection":[{"href":"https:\/\/oposicionesdeingles.es\/index.php?rest_route=\/wp\/v2\/pages"}],"about":[{"href":"https:\/\/oposicionesdeingles.es\/index.php?rest_route=\/wp\/v2\/types\/page"}],"author":[{"embeddable":true,"href":"https:\/\/oposicionesdeingles.es\/index.php?rest_route=\/wp\/v2\/users\/1"}],"replies":[{"embeddable":true,"href":"https:\/\/oposicionesdeingles.es\/index.php?rest_route=%2Fwp%2Fv2%2Fcomments&post=38"}],"version-history":[{"count":24,"href":"https:\/\/oposicionesdeingles.es\/index.php?rest_route=\/wp\/v2\/pages\/38\/revisions"}],"predecessor-version":[{"id":788,"href":"https:\/\/oposicionesdeingles.es\/index.php?rest_route=\/wp\/v2\/pages\/38\/revisions\/788"}],"wp:featuredmedia":[{"embeddable":true,"href":"https:\/\/oposicionesdeingles.es\/index.php?rest_route=\/wp\/v2\/media\/116"}],"wp:attachment":[{"href":"https:\/\/oposicionesdeingles.es\/index.php?rest_route=%2Fwp%2Fv2%2Fmedia&parent=38"}],"curies":[{"name":"wp","href":"https:\/\/api.w.org\/{rel}","templated":true}]}}