{"id":37,"date":"2018-01-03T01:23:54","date_gmt":"2018-01-03T00:23:54","guid":{"rendered":"http:\/\/oposicionesdeingles.es\/?page_id=37"},"modified":"2024-08-23T19:32:57","modified_gmt":"2024-08-23T17:32:57","slug":"acerca-de","status":"publish","type":"page","link":"https:\/\/oposicionesdeingles.es\/?page_id=37","title":{"rendered":"Sobre m\u00ed:"},"content":{"rendered":"<p style=\"text-align: left;\">Mi nombre es Juan R. Tom\u00e1s : Funcionario de Carrera del Cuerpo de Maestros por la especialidad de Lengua Extranjera Ingl\u00e9s. Puedes conocer m\u00e1s de m\u00ed en este peque\u00f1a entrada que he dejado en el blog. Soy preparador oficial y puedes encontrar referencias sobre m\u00ed en diferentes portales web relacionados con la educaci\u00f3n.<\/p>\n<p>Me encargo personalmente de tu preparaci\u00f3n y no derivo ninguna de mis funciones como preparador en terceros (por este motivo, las plazas para la preparaci\u00f3n son muy limitadas) . De forma muy espec\u00edfica, invitar\u00e9 a diferentes ponentes para la impartici\u00f3n de algunos talleres relacionados con vuestras propuestas de programaci\u00f3n y unidad did\u00e1ctica.<\/p>\n<blockquote class=\"wp-embedded-content\" data-secret=\"kzgAYtohAF\"><p><a href=\"https:\/\/oposicionesdeingles.es\/?p=99\">Sobre m\u00ed<\/a><\/p><\/blockquote>\n<p><iframe class=\"wp-embedded-content\" sandbox=\"allow-scripts\" security=\"restricted\" style=\"position: absolute; clip: rect(1px, 1px, 1px, 1px);\" title=\"\u00abSobre m\u00ed\u00bb \u2014 \u2705 Preparador de oposiciones ingl\u00e9s Murcia: PREPARACI\u00d3N OPOSICIONES 2024 \/ 2025 MAESTROS DE INGL\u00c9S PRIMARIA\" src=\"https:\/\/oposicionesdeingles.es\/?p=99&#038;embed=true#?secret=Lk6YugTpMF#?secret=kzgAYtohAF\" data-secret=\"kzgAYtohAF\" width=\"525\" height=\"296\" frameborder=\"0\" marginwidth=\"0\" marginheight=\"0\" scrolling=\"no\"><\/iframe><\/p>\n<div class=\"textwidget\"><\/div>\n","protected":false},"excerpt":{"rendered":"<p>Mi nombre es Juan R. Tom\u00e1s : Funcionario de Carrera del Cuerpo de Maestros por la especialidad de Lengua Extranjera Ingl\u00e9s. Puedes conocer m\u00e1s de m\u00ed en este peque\u00f1a entrada que he dejado en el blog. Soy preparador oficial y puedes encontrar referencias sobre m\u00ed en diferentes portales web relacionados con la educaci\u00f3n. Me encargo &hellip; <\/p>\n<p class=\"link-more\"><a href=\"https:\/\/oposicionesdeingles.es\/?page_id=37\" class=\"more-link\">Continuar leyendo<span class=\"screen-reader-text\"> \u00abSobre m\u00ed:\u00bb<\/span><\/a><\/p>\n","protected":false},"author":1,"featured_media":117,"parent":0,"menu_order":0,"comment_status":"closed","ping_status":"closed","template":"","meta":{"_uag_custom_page_level_css":"","_monsterinsights_skip_tracking":false,"_monsterinsights_sitenote_active":false,"_monsterinsights_sitenote_note":"","_monsterinsights_sitenote_category":0,"footnotes":""},"uagb_featured_image_src":{"full":["https:\/\/oposicionesdeingles.es\/wp-content\/uploads\/2018\/01\/SOBRE-M\u00cd-e1520442099210.jpg",994,559,false],"thumbnail":["https:\/\/oposicionesdeingles.es\/wp-content\/uploads\/2018\/01\/SOBRE-M\u00cd-150x150.jpg",150,150,true],"medium":["https:\/\/oposicionesdeingles.es\/wp-content\/uploads\/2018\/01\/SOBRE-M\u00cd-300x169.jpg",300,169,true],"medium_large":["https:\/\/oposicionesdeingles.es\/wp-content\/uploads\/2018\/01\/SOBRE-M\u00cd-768x432.jpg",525,295,true],"large":["https:\/\/oposicionesdeingles.es\/wp-content\/uploads\/2018\/01\/SOBRE-M\u00cd-e1520442099210.jpg",525,295,false],"1536x1536":["https:\/\/oposicionesdeingles.es\/wp-content\/uploads\/2018\/01\/SOBRE-M\u00cd-e1520442099210.jpg",994,559,false],"2048x2048":["https:\/\/oposicionesdeingles.es\/wp-content\/uploads\/2018\/01\/SOBRE-M\u00cd-e1520442099210.jpg",994,559,false],"twentyseventeen-featured-image":["https:\/\/oposicionesdeingles.es\/wp-content\/uploads\/2018\/01\/SOBRE-M\u00cd-e1520442099210.jpg",994,559,false],"twentyseventeen-thumbnail-avatar":["https:\/\/oposicionesdeingles.es\/wp-content\/uploads\/2018\/01\/SOBRE-M\u00cd-100x100.jpg",100,100,true]},"uagb_author_info":{"display_name":"admin7882","author_link":"https:\/\/oposicionesdeingles.es\/?author=1"},"uagb_comment_info":0,"uagb_excerpt":"Mi nombre es Juan R. Tom\u00e1s : Funcionario de Carrera del Cuerpo de Maestros por la especialidad de Lengua Extranjera Ingl\u00e9s. Puedes conocer m\u00e1s de m\u00ed en este peque\u00f1a entrada que he dejado en el blog. Soy preparador oficial y puedes encontrar referencias sobre m\u00ed en diferentes portales web relacionados con la educaci\u00f3n. Me encargo&hellip;","_links":{"self":[{"href":"https:\/\/oposicionesdeingles.es\/index.php?rest_route=\/wp\/v2\/pages\/37"}],"collection":[{"href":"https:\/\/oposicionesdeingles.es\/index.php?rest_route=\/wp\/v2\/pages"}],"about":[{"href":"https:\/\/oposicionesdeingles.es\/index.php?rest_route=\/wp\/v2\/types\/page"}],"author":[{"embeddable":true,"href":"https:\/\/oposicionesdeingles.es\/index.php?rest_route=\/wp\/v2\/users\/1"}],"replies":[{"embeddable":true,"href":"https:\/\/oposicionesdeingles.es\/index.php?rest_route=%2Fwp%2Fv2%2Fcomments&post=37"}],"version-history":[{"count":16,"href":"https:\/\/oposicionesdeingles.es\/index.php?rest_route=\/wp\/v2\/pages\/37\/revisions"}],"predecessor-version":[{"id":420,"href":"https:\/\/oposicionesdeingles.es\/index.php?rest_route=\/wp\/v2\/pages\/37\/revisions\/420"}],"wp:featuredmedia":[{"embeddable":true,"href":"https:\/\/oposicionesdeingles.es\/index.php?rest_route=\/wp\/v2\/media\/117"}],"wp:attachment":[{"href":"https:\/\/oposicionesdeingles.es\/index.php?rest_route=%2Fwp%2Fv2%2Fmedia&parent=37"}],"curies":[{"name":"wp","href":"https:\/\/api.w.org\/{rel}","templated":true}]}}