{"id":36,"date":"2018-01-03T01:23:54","date_gmt":"2018-01-03T00:23:54","guid":{"rendered":"http:\/\/oposicionesdeingles.es\/?page_id=36"},"modified":"2026-03-15T19:54:32","modified_gmt":"2026-03-15T18:54:32","slug":"inicio","status":"publish","type":"page","link":"https:\/\/oposicionesdeingles.es\/","title":{"rendered":"Preparador de oposiciones para maestros de ingl\u00e9s en Murcia: la mejor preparaci\u00f3n para tu proceso selectivo"},"content":{"rendered":"\n<p>\u00a1Bienvenido\/a a mi sitio web de oposiciones para maestros de ingl\u00e9s en Murcia!\u00a0<span style=\"font-size: 1rem;\">\u00a0Aqu\u00ed encontrar\u00e1s la informaci\u00f3n b\u00e1sica sobre la preparaci\u00f3n que llevar\u00e9 cabo con mis alumnos de cara al pr\u00f3ximo proceso selectivo para maestros de ingl\u00e9s (Regi\u00f3n de Murcia 2026 para opositores por la especialidad de Lengua Extranjera Ingl\u00e9s Primaria). La <strong>atenci\u00f3n individualizada real<\/strong>, la <strong>diferenciaci\u00f3n por originalidad<\/strong> y un <strong>sistema de trabajo bien planificado y exigente<\/strong> son mis se\u00f1as de identidad<\/span>. Modalidades de mi preparaci\u00f3n de oposiciones de ingl\u00e9s: formaci\u00f3n <strong>presencial <\/strong>y <strong>online<\/strong>.<\/p>\n\n\n\n<figure class=\"wp-block-image\"><img loading=\"lazy\" decoding=\"async\" width=\"1024\" height=\"683\" src=\"https:\/\/oposicionesdeingles.es\/wp-content\/uploads\/2024\/12\/preparador-de-oposiciones-ingles-murcia-2026-para-maestros-de-primaria-juan-ramon-tomas-aranguren-1-1024x683.jpg\" alt=\"\" class=\"wp-image-559\" srcset=\"https:\/\/oposicionesdeingles.es\/wp-content\/uploads\/2024\/12\/preparador-de-oposiciones-ingles-murcia-2026-para-maestros-de-primaria-juan-ramon-tomas-aranguren-1-1024x683.jpg 1024w, https:\/\/oposicionesdeingles.es\/wp-content\/uploads\/2024\/12\/preparador-de-oposiciones-ingles-murcia-2026-para-maestros-de-primaria-juan-ramon-tomas-aranguren-1-300x200.jpg 300w, https:\/\/oposicionesdeingles.es\/wp-content\/uploads\/2024\/12\/preparador-de-oposiciones-ingles-murcia-2026-para-maestros-de-primaria-juan-ramon-tomas-aranguren-1-768x512.jpg 768w, https:\/\/oposicionesdeingles.es\/wp-content\/uploads\/2024\/12\/preparador-de-oposiciones-ingles-murcia-2026-para-maestros-de-primaria-juan-ramon-tomas-aranguren-1.jpg 1200w\" sizes=\"(max-width: 767px) 89vw, (max-width: 1000px) 54vw, (max-width: 1071px) 543px, 580px\" \/><\/figure>\n\n\n\n<p>\u00a1Ya est\u00e1 abierta la formaci\u00f3n del grupo de <strong>preparaci\u00f3n del pr\u00f3ximo curso 2025\/2026<\/strong>! Si est\u00e1s interesado\/a, no dudes en ponerte en contacto conmigo para informarte sobre el proceso de matriculaci\u00f3n en las modalidades presencial y online. Puedes pedir referencias a mis alumnos\/as de convocatorias anteriores. <strong>Sus resultados en las convocatorias recientes (2019, 2022 y 2024) han sido referencia<\/strong> y, por ejemplo, en la \u00faltima convocatoria de junio 2024, muchos de ellos han quedado, con sus altas calificaciones, los primeros y segundos de sus respectivos tribunales. Puedes comprobar esta informaci\u00f3n cuando lo desees. En cualquier caso, mientras tanto, puedes ver algunos <strong>testimonios <\/strong>sobre lo que opinan qui\u00e9nes han preparado sus oposiciones de ingl\u00e9s conmigo en diferentes convocatorias y ya han logrado su sue\u00f1o de ser <strong>funcionarios<\/strong>. Pincha <a href=\"https:\/\/oposicionesdeingles.es\/?page_id=578\" data-type=\"page\" data-id=\"578\">aqu\u00ed<\/a>.<\/p>\n\n\n\n<p>Para conocerme mejor, puedes consultar mi perfil como preparador de oposiciones. En \u00e9l, detallo mis credenciales respecto a mi carrera formativa y profesional.<\/p>\n\n\n\n<p class=\"has-text-align-center\"><a href=\"https:\/\/oposicionesdeingles.es\/?p=99\" target=\"_blank\" rel=\"noopener\">Juan R. Tom\u00e1s &#8211; Perfil del preparador<\/a> <\/p>\n\n\n\n<p><strong>Contacto: <\/strong>606768364<\/p>\n\n\n\n<p><strong>Email:&nbsp;<\/strong><span style=\"font-size: 1rem;\">oposicionesdeinglesmurcia@gmail.com<\/span><\/p>\n\n\n\n<div class=\"XS2qof Q3BXBb\" tabindex=\"0\" role=\"button\" aria-label=\"Change profile picture\" data-cp=\"\">&nbsp;<\/div>\n\n\n\n<div class=\"XS2qof Q3BXBb\" tabindex=\"0\" role=\"button\" aria-label=\"Change profile picture\" data-cp=\"\">Para preparar tu oposici\u00f3n como maestro\/a de ingl\u00e9s, tienes varias <strong>opciones y servicios disponibles <\/strong>conforme a tus<strong> necesidades , motivaciones e intereses como opositor\/a<\/strong>:<\/div>\n\n\n\n<div tabindex=\"0\" role=\"button\" aria-label=\"Change profile picture\" data-cp=\"\">&nbsp;<\/div>\n\n\n\n<p class=\"has-text-align-center\">1.&nbsp; PREPARACI\u00d3N DE OPOSICIONES : MAESTROS DE INGL\u00c9S (PRIMARIA)<\/p>\n\n\n\n<p class=\"has-text-align-center\">EMPIEZA A PREPARARTE<strong>.\u00a0<\/strong>RESERVA YA TU PLAZA PARA EL <strong>PLAN DE PREPARACI\u00d3N PRESENCIAL Y ONLINE QUE DAR\u00c1 COMIENZO EN 2025<\/strong>. LAS PLAZAS SON LIMITADAS. \u00a1NO TE QUEDES SIN LA TUYA!<\/p>\n\n\n\n<p class=\"has-text-align-center\"><strong>\u00a0 \u00a0 \u00a0 \u00a0<\/strong>SISTEMA DE FORMACI\u00d3N :\u00a0 CLASES EN R\u00c9GIMEN PRESENCIAL Y ONLINE<\/p>\n\n\n\n<p class=\"has-text-align-center\"><strong>(VER M\u00c1S ABAJO: <\/strong>METODOLOG\u00cdA DE PREPARACI\u00d3N Y PLANES PARA LA PREPARACI\u00d3N DE 2025- PROCESO SELECTIVO DE 2026 INGL\u00c9S PRIMARIA<strong>)&nbsp; &nbsp;&nbsp;<\/strong><\/p>\n\n\n<div class=\"wp-block-image wp-image-156\">\n<figure class=\"aligncenter\"><img loading=\"lazy\" decoding=\"async\" width=\"250\" height=\"250\" src=\"https:\/\/oposicionesdeingles.es\/wp-content\/uploads\/2018\/03\/cropped-LOGO-1-1-1.jpg\" alt=\"qui\u00e9n es el mejor preparador de oposiciones de ingl\u00e9s en Murcia\" class=\"wp-image-156\" srcset=\"https:\/\/oposicionesdeingles.es\/wp-content\/uploads\/2018\/03\/cropped-LOGO-1-1-1.jpg 250w, https:\/\/oposicionesdeingles.es\/wp-content\/uploads\/2018\/03\/cropped-LOGO-1-1-1-150x150.jpg 150w, https:\/\/oposicionesdeingles.es\/wp-content\/uploads\/2018\/03\/cropped-LOGO-1-1-1-100x100.jpg 100w\" sizes=\"(max-width: 250px) 100vw, 250px\" \/><figcaption class=\"wp-element-caption\">La mejor preparaci\u00f3n para&nbsp; &nbsp; &nbsp; &nbsp; &nbsp; &nbsp; &nbsp; &nbsp; maestros de ingl\u00e9s en Murcia<\/figcaption><\/figure><\/div>\n\n\n<p class=\"has-text-align-center\">2. FORMACI\u00d3N ESPEC\u00cdFICA PARA EL DESARROLLO DE LAS UNIDADES DID\u00c1CTICAS.<\/p>\n\n\n\n<p class=\"has-text-align-center\">3. ENTRENAMIENTO ESPEC\u00cdFICO PARA LA PREPARACI\u00d3N DE LA EXPOSICI\u00d3N ORAL DE LA PROGRAMACI\u00d3N Y LA UNIDAD DID\u00c1CTICA<\/p>\n\n\n\n<p class=\"has-text-align-center\">4. TALLERES INCLUIDOS PARA CREACI\u00d3N DE MATERIALES DID\u00c1CTICOS INNOVADORES Y ORIGINALES PARA APOYAR TUS PROPUESTAS DE UNIDAD DID\u00c1CTICA<\/p>\n\n\n\n<p class=\"has-text-align-center\">5. FORMACI\u00d3N CONTINUA PARA LA RESOLUCI\u00d3N DE SUPUESTOS PR\u00c1CTICOS<\/p>\n\n\n\n<p class=\"has-text-align-center\">6. REVISI\u00d3N CONTINUA, CORRECCI\u00d3N Y MEJORA DE TU UNIDAD DID\u00c1CTICA CONFORME A LA NUEVA LEY (LOMLOE), EL DUA, EL USO DE LAS TIC, ETC.<\/p>\n\n\n\n<p class=\"has-text-align-center\">7. MENTOR\u00cdAS INDIVIDUALES: ASESORAMIENTO, RESOLUCI\u00d3N DE DUDAS, CONSULTAS GENERALES Y ESPEC\u00cdFICAS<\/p>\n\n\n\n<p class=\"has-text-align-center\">8. PREPARACI\u00d3N PSICOL\u00d3GICA PARA AFRONTAR LAS DIFERENTES PARTES DEL PROCESO.<\/p>\n\n\n\n<h2 class=\"wp-block-heading has-text-align-center\"><strong>\u00a0 \u00a0 \u00a0 \u00a0METODOLOG\u00cdA ESPECIAL DE PREPARACI\u00d3N\u00a0PARA FORMACI\u00d3N PRESENCIAL Y ONLINE <\/strong><\/h2>\n\n\n\n<h2 class=\"wp-block-heading has-text-align-center\">EL MEJOR TEMARIO ORIGINAL DE INGL\u00c9S PARA TUS OPOSICIONES (PRIMARIA):<\/h2>\n\n\n\n<ul>\n<li>Preparado y dise\u00f1ado para desarrollar conforme a la duraci\u00f3n oficial del examen, equilibrado y siempre actualizado en cada convocatoria teniendo en cuenta la realidad educativa de nuestra regi\u00f3n. No ver\u00e1s un temario igual en ning\u00fan otro sistema de preparaci\u00f3n. Adem\u00e1s, se incorporar\u00e1n los cambios normativos necesarios en cada caso y seguiremos la legislaci\u00f3n vigente aplic\u00e1ndola con rigor y originalidad en nuestras propuestas (LOMLOE, Real Decreto, Decreto Regional&#8230;).  <\/li>\n<\/ul>\n\n\n\n<h2 class=\"wp-block-heading has-text-align-center\">SIMULACROS DE EXAMEN PARA SER LOS MEJORES ASPIRANTES DE NUESTRAS OPOSICIONES <\/h2>\n\n\n\n<ul>\n<li>Al menos una vez al mes se realizar\u00e1 un simulacro de tema para trabajar de manera espec\u00edfica esta prueba. En cada simulacro, recibir\u00e9is un feedback s\u00faper personalizado basado en los criterios habituales que suele aplicar el tribunal (basado en oposiciones anteriores). Este feedback detallar\u00e1 en cada punto de tu preparaci\u00f3n tus aspectos a mejorar y tendr\u00e1 un enfoque personalizado para profundizar en los detalles necesarios y mantener as\u00ed un seguimiento real y actualizado de la preparaci\u00f3n del temario. Conforme se acerque el final de la preparaci\u00f3n, se aumentar\u00e1 el n\u00famero de simulacros para alcanzar el m\u00e1ximo nivel de ejecuci\u00f3n en esta prueba. <\/li>\n<\/ul>\n\n\n\n<h2 class=\"wp-block-heading has-text-align-center\">DISE\u00d1O Y DESARROLLO DE LAS UNIDADES DID\u00c1CTICAS CON LAS MEJORES SITUACIONES DE APRENDIZAJE CON METODOLOG\u00cdA BASADA EN PROYECTOS<\/h2>\n\n\n\n<ul>\n<li>Se facilitar\u00e1 asesoramiento paso a paso y modelos de ejemplo. El resultado ser\u00e1 un producto muy personalizado para marcar la diferencia ante tribunal como muchos otros de mis alumnos\/as ya lo han logrado. He trabajado en mi d\u00eda a d\u00eda como maestro siguiendo una metodolog\u00eda de aprendizaje basado en proyectos, lo que me facilita mucho la labor de darle vida a tus ideas para las situaciones de aprendizaje de tus unidades did\u00e1cticas. Antes que preparador, soy maestro y me aseguro de estar actualizado en las \u00faltimas tendencias y estudios de nuestra profesi\u00f3n.<\/li>\n<\/ul>\n\n\n\n<ul>\n<li><strong>DISE\u00d1O DE MATERIALES<\/strong> DID\u00c1CTICOS Y DE PRESENTACI\u00d3N (para exposici\u00f3n ante el tribunal).  <\/li>\n\n\n\n<li>TRABAJO ESPEC\u00cdFICO SOBRE LA <strong>EXPOSICI\u00d3N ORAL EN INGL\u00c9S<\/strong> (t\u00e9cnicas de oratoria, trabajo de mejora de pronunciaci\u00f3n y entonaci\u00f3n, manejo de materiales fungibles de presentaci\u00f3n, lenguaje no verbal, presencia ante el tribunal, preparaci\u00f3n del debate posterior a la exposici\u00f3n, situaciones pr\u00e1cticas de aula, an\u00e1lisis de documentos, reuniones y \u00f3rganos del centro educativo, etc.).<\/li>\n<\/ul>\n\n\n\n<p class=\"has-text-align-center\">SI YA EST\u00c1S PENSANDO EN LA PREPARACI\u00d3N DE OPOSICIONES PARA LA <strong>CONVOCATORIA DE 2026 EN MURCIA<\/strong>. PUEDES REALIZAR TU RESERVA PARA LA PREPARACI\u00d3N DE OPOSICIONES DE INGL\u00c9S DEL CURSO 2025 &#8211; 2026 <\/p>\n\n\n\n<p class=\"has-text-align-center\">LAS <strong>PLAZAS SON LIMITADAS<\/strong>. SI EST\u00c1S INTERESAD@,<\/p>\n\n\n\n<p class=\"has-text-align-center\">\u00a1<strong>RESERVA YA LA TUYA!&nbsp;&nbsp;<\/strong> <\/p>\n\n\n\n<p class=\"has-text-align-center\"><a href=\"https:\/\/oposicionesdeingles.es\/?page_id=38\">\u00a1INSCR\u00cdBETE YA EN TU MODALIDAD! <\/a> <\/p>\n\n\n\n<p class=\"has-text-align-center\">Tambi\u00e9n puedes hacerlo a trav\u00e9s del n\u00famero 606768364, el formulario web o en el correo <strong>oposicionesdeinglesmurcia@gmail.com<\/strong><\/p>\n\n\n\n<p><\/p>\n\n\n\n<h2 class=\"wp-block-heading has-text-align-center\"><strong>PREPARACI\u00d3N DE OPOSICIONES DE INGL\u00c9S MURCIA 2025 &#8211; 2026&nbsp;<\/strong><\/h2>\n\n\n\n<p>S\u00cd, HAREMOS UN NUEVO GRUPO DE PREPARACI\u00d3N PARA PREPARAR EL NUEVO SISTEMA DE EXAMEN QUE RECUPERAR\u00c1 EL MODELO ANTERIOR CON <strong>CASO PR\u00c1CTICO<\/strong>, <strong>PRUEBA DE COMPETENCIA LING\u00dc\u00cdSTICA EN INGL\u00c9S<\/strong>, <strong>TEMA, EXPOSICI\u00d3N DE PROGRAMACI\u00d3N Y DE UNIDAD DID\u00c1CTICA<\/strong>. EN DICHO SISTEMA, VOLVER\u00c1 A HABER QUE SUPERAR LA PRIMERA FASE PARA ACCEDER A LA SEGUNDA (DE EXPOSICI\u00d3N ANTE EL TRIBUNAL). <\/p>\n\n\n\n<p>NOS CENTRAREMOS EN TRABAJAR MI SISTEMA ORIGINAL DE <strong>RESOLUCI\u00d3N DE CASOS PR\u00c1CTICOS<\/strong> Y EL DOCUMENTO DE LA <strong>PROGRAMACI\u00d3N<\/strong> JUNTO AL <strong>DISE\u00d1O DE NUESTRAS UNIDADES DID\u00c1CTICAS<\/strong>. ADEM\u00c1S, PROFUNDIZAREMOS EN LOS <strong>TEMAS<\/strong> DE MAYOR PESO DID\u00c1CTICO, NECESARIOS PARA UNA CORRECTA PREPARACI\u00d3N DEL CONTENIDO TE\u00d3RICO TAMBI\u00c9N PRECISO PARA LOS CASOS PR\u00c1CTICOS.<\/p>\n\n\n\n<p>CERRAREMOS CON MARGEN DE TIEMPO LA TOTALIDAD DE <strong>TEMARIO<\/strong> Y REALIZAREMOS NUMEROSAS <strong>EXPOSICIONES<\/strong> SIMULADAS EN CLASE. SIN DUDA, LA CLAVE DEL \u00c9XITO PARA REALIZAR UNA EXCELENTE ACTUACI\u00d3N EL D\u00cdA DEL EXAMEN OFICIAL ANTE EL TRIBUNAL (&#8216;PRACTICE MAKES PERFECT&#8217;).<\/p>\n\n\n\n<p>TAMBI\u00c9N CREAREMOS NUESTROS <strong>MATERIALES DID\u00c1CTICOS<\/strong> PARA EXPOSICI\u00d3N DE NUESTRAS UNIDADES, SIEMPRE CON LA B\u00daSQUEDA DE LA <strong>INNOVACI\u00d3N<\/strong>, LA <strong>EFICIENCIA DID\u00c1CTICA<\/strong> Y LA <strong>ORIGINALIDAD<\/strong> QUE NOS PERMITIR\u00c1N <strong>MARCAR LA DIFERENCIA<\/strong> CON RESPECTO AL RESTO DE OPOSITORES.<\/p>\n\n\n\n<p>SI QUIERES TENER M\u00c1S INFORMACI\u00d3N SOBRE C\u00d3MO PREPARAR TU OPOSICI\u00d3N DE INGL\u00c9S CONMIGO, PUEDES PONERTE EN CONTACTO A TRAV\u00c9S DEL FORMULARIO WEB O EN EL CORREO:<\/p>\n\n\n\n<div class=\"VoqD8\">\n<div class=\"eYSAde\">email de contacto: oposicionesdeinglesmurcia@gmail.com o el n\u00famero 606768364 <\/div>\n<div>&nbsp;<\/div>\n<\/div>\n\n\n\n<div class=\"XS2qof Q3BXBb\" tabindex=\"0\" role=\"button\" aria-label=\"Change profile picture\" data-cp=\"\">&nbsp;<\/div>\n","protected":false},"excerpt":{"rendered":"<p>\u00a1Bienvenido\/a a mi sitio web de oposiciones para maestros de ingl\u00e9s en Murcia!\u00a0\u00a0Aqu\u00ed encontrar\u00e1s la informaci\u00f3n b\u00e1sica sobre la preparaci\u00f3n que llevar\u00e9 cabo con mis alumnos de cara al pr\u00f3ximo proceso selectivo para maestros de ingl\u00e9s (Regi\u00f3n de Murcia 2026 para opositores por la especialidad de Lengua Extranjera Ingl\u00e9s Primaria). La atenci\u00f3n individualizada real, la &hellip; <\/p>\n<p class=\"link-more\"><a href=\"https:\/\/oposicionesdeingles.es\/\" class=\"more-link\">Continuar leyendo<span class=\"screen-reader-text\"> \u00abPreparador de oposiciones para maestros de ingl\u00e9s en Murcia: la mejor preparaci\u00f3n para tu proceso selectivo\u00bb<\/span><\/a><\/p>\n","protected":false},"author":1,"featured_media":0,"parent":0,"menu_order":0,"comment_status":"closed","ping_status":"closed","template":"","meta":{"_uag_custom_page_level_css":"","_monsterinsights_skip_tracking":false,"_monsterinsights_sitenote_active":false,"_monsterinsights_sitenote_note":"","_monsterinsights_sitenote_category":0,"footnotes":""},"uagb_featured_image_src":{"full":false,"thumbnail":false,"medium":false,"medium_large":false,"large":false,"1536x1536":false,"2048x2048":false,"twentyseventeen-featured-image":false,"twentyseventeen-thumbnail-avatar":false},"uagb_author_info":{"display_name":"admin7882","author_link":"https:\/\/oposicionesdeingles.es\/?author=1"},"uagb_comment_info":0,"uagb_excerpt":"\u00a1Bienvenido\/a a mi sitio web de oposiciones para maestros de ingl\u00e9s en Murcia!\u00a0\u00a0Aqu\u00ed encontrar\u00e1s la informaci\u00f3n b\u00e1sica sobre la preparaci\u00f3n que llevar\u00e9 cabo con mis alumnos de cara al pr\u00f3ximo proceso selectivo para maestros de ingl\u00e9s (Regi\u00f3n de Murcia 2026 para opositores por la especialidad de Lengua Extranjera Ingl\u00e9s Primaria). La atenci\u00f3n individualizada real, la&hellip;","_links":{"self":[{"href":"https:\/\/oposicionesdeingles.es\/index.php?rest_route=\/wp\/v2\/pages\/36"}],"collection":[{"href":"https:\/\/oposicionesdeingles.es\/index.php?rest_route=\/wp\/v2\/pages"}],"about":[{"href":"https:\/\/oposicionesdeingles.es\/index.php?rest_route=\/wp\/v2\/types\/page"}],"author":[{"embeddable":true,"href":"https:\/\/oposicionesdeingles.es\/index.php?rest_route=\/wp\/v2\/users\/1"}],"replies":[{"embeddable":true,"href":"https:\/\/oposicionesdeingles.es\/index.php?rest_route=%2Fwp%2Fv2%2Fcomments&post=36"}],"version-history":[{"count":112,"href":"https:\/\/oposicionesdeingles.es\/index.php?rest_route=\/wp\/v2\/pages\/36\/revisions"}],"predecessor-version":[{"id":755,"href":"https:\/\/oposicionesdeingles.es\/index.php?rest_route=\/wp\/v2\/pages\/36\/revisions\/755"}],"wp:attachment":[{"href":"https:\/\/oposicionesdeingles.es\/index.php?rest_route=%2Fwp%2Fv2%2Fmedia&parent=36"}],"curies":[{"name":"wp","href":"https:\/\/api.w.org\/{rel}","templated":true}]}}